{"id":2279,"date":"2026-01-26T08:49:46","date_gmt":"2026-01-26T08:49:46","guid":{"rendered":"https:\/\/megainsulation.com.tr\/?page_id=2279"},"modified":"2026-04-28T17:21:17","modified_gmt":"2026-04-28T17:21:17","slug":"blog","status":"publish","type":"page","link":"https:\/\/megainsulation.com.tr\/en\/blog\/","title":{"rendered":"Blog"},"content":{"rendered":"<div data-elementor-type=\"wp-page\" data-elementor-id=\"2279\" class=\"elementor elementor-2279\" data-elementor-post-type=\"page\">\n\t\t\t\t\t\t<section class=\"elementor-section elementor-top-section elementor-element elementor-element-281968eb elementor-section-boxed elementor-section-height-default elementor-section-height-default\" data-id=\"281968eb\" data-element_type=\"section\" data-settings=\"{&quot;background_background&quot;:&quot;classic&quot;}\">\n\t\t\t\t\t\t\t<div class=\"elementor-background-overlay\"><\/div>\n\t\t\t\t\t\t\t<div class=\"elementor-container elementor-column-gap-default\">\n\t\t\t\t\t<div class=\"elementor-column elementor-col-100 elementor-top-column elementor-element elementor-element-38f19e19\" data-id=\"38f19e19\" data-element_type=\"column\">\n\t\t\t<div class=\"elementor-widget-wrap elementor-element-populated\">\n\t\t\t\t\t\t<section class=\"elementor-section elementor-inner-section elementor-element elementor-element-43fe4b92 elementor-section-content-bottom elementor-section-boxed elementor-section-height-default elementor-section-height-default\" data-id=\"43fe4b92\" data-element_type=\"section\">\n\t\t\t\t\t\t<div class=\"elementor-container elementor-column-gap-default\">\n\t\t\t\t\t<div class=\"elementor-column elementor-col-50 elementor-inner-column elementor-element elementor-element-26c22370 elementor-invisible\" data-id=\"26c22370\" data-element_type=\"column\" data-settings=\"{&quot;animation&quot;:&quot;slideInRight&quot;}\">\n\t\t\t<div class=\"elementor-widget-wrap elementor-element-populated\">\n\t\t\t\t\t\t<div class=\"elementor-element elementor-element-f1cf44c elementor-widget elementor-widget-html\" data-id=\"f1cf44c\" data-element_type=\"widget\" data-widget_type=\"html.default\">\n\t\t\t\t\t<style>\n.mega-page-title{font-family:'Noto Sans',sans-serif;font-size:clamp(24px,3.5vw,34px);font-weight:600;color:#fff;line-height:1.3;position:relative;display:inline-block;margin-bottom:12px}\n.mega-page-title::after{content:'';display:block;width:100%;height:3px;margin-top:10px}\n.mega-page-title.red::after{background:#E30613}\n.mega-page-title.blue::after{background:#2D2E83}\n@media(max-width:768px){.mega-page-title{text-align:center;display:flex;flex-direction:column;align-items:center}}\n<\/style>\n\n<h1 class=\"mega-page-title red\">BLOG<\/h1>\t\t\t\t<\/div>\n\t\t\t\t\t<\/div>\n\t\t<\/div>\n\t\t\t\t<div class=\"elementor-column elementor-col-50 elementor-inner-column elementor-element elementor-element-40f866ab\" data-id=\"40f866ab\" data-element_type=\"column\">\n\t\t\t<div class=\"elementor-widget-wrap elementor-element-populated\">\n\t\t\t\t\t\t<div class=\"elementor-element elementor-element-5f620b89 elementor-icon-list--layout-inline elementor-align-end elementor-mobile-align-center elementor-list-item-link-full_width elementor-invisible elementor-widget elementor-widget-icon-list\" data-id=\"5f620b89\" data-element_type=\"widget\" data-settings=\"{&quot;_animation&quot;:&quot;slideInLeft&quot;}\" data-widget_type=\"icon-list.default\">\n\t\t\t\t\t\t\t<ul class=\"elementor-icon-list-items elementor-inline-items\">\n\t\t\t\t\t\t\t<li class=\"elementor-icon-list-item elementor-inline-item\">\n\t\t\t\t\t\t\t\t\t\t\t<a href=\"#\">\n\n\t\t\t\t\t\t\t\t\t\t\t<span class=\"elementor-icon-list-text\">Home<\/span>\n\t\t\t\t\t\t\t\t\t\t\t<\/a>\n\t\t\t\t\t\t\t\t\t<\/li>\n\t\t\t\t\t\t\t\t<li class=\"elementor-icon-list-item elementor-inline-item\">\n\t\t\t\t\t\t\t\t\t\t\t<span class=\"elementor-icon-list-icon\">\n\t\t\t\t\t\t\t<svg aria-hidden=\"true\" class=\"e-font-icon-svg e-fas-chevron-right\" viewbox=\"0 0 320 512\" xmlns=\"http:\/\/www.w3.org\/2000\/svg\"><path d=\"M285.476 272.971L91.132 467.314c-9.373 9.373-24.569 9.373-33.941 0l-22.667-22.667c-9.357-9.357-9.375-24.522-.04-33.901L188.505 256 34.484 101.255c-9.335-9.379-9.317-24.544.04-33.901l22.667-22.667c9.373-9.373 24.569-9.373 33.941 0L285.475 239.03c9.373 9.372 9.373 24.568.001 33.941z\"><\/path><\/svg>\t\t\t\t\t\t<\/span>\n\t\t\t\t\t\t\t\t\t\t<span class=\"elementor-icon-list-text\">Blog<\/span>\n\t\t\t\t\t\t\t\t\t<\/li>\n\t\t\t\t\t\t<\/ul>\n\t\t\t\t\t\t<\/div>\n\t\t\t\t\t<\/div>\n\t\t<\/div>\n\t\t\t\t\t<\/div>\n\t\t<\/section>\n\t\t\t\t\t<\/div>\n\t\t<\/div>\n\t\t\t\t\t<\/div>\n\t\t<\/section>\n\t\t<div class=\"elementor-element elementor-element-24b4562 e-flex e-con-boxed e-con e-parent\" data-id=\"24b4562\" data-element_type=\"container\">\n\t\t\t\t\t<div class=\"e-con-inner\">\n\t\t\t\t<div class=\"elementor-element elementor-element-70e3342 elementor-widget elementor-widget-html\" data-id=\"70e3342\" data-element_type=\"widget\" data-widget_type=\"html.default\">\n\t\t\t\t\t<!-- KATEGOR\u0130 BUTONLARI - POSTS W\u0130DGET'ININ \u00dcST\u00dcNE -->\n\n<div class=\"mega-category-tags\">\n    <a href=\"#\" class=\"mega-category-tag active\" data-category=\"\">All of them<\/a>\n    <a href=\"#\" class=\"mega-category-tag\" data-category=\"yangin-guvenligi\">Fire Safety<\/a>\n    <a href=\"#\" class=\"mega-category-tag\" data-category=\"surdurulebilirlik\">Sustainability<\/a>\n    <a href=\"#\" class=\"mega-category-tag\" data-category=\"genel\">General<\/a>\n    <a href=\"#\" class=\"mega-category-tag\" data-category=\"isi-yalitimi\">Heat insulation<\/a>\n    <a href=\"#\" class=\"mega-category-tag\" data-category=\"projeler\">Projects<\/a>\n    <a href=\"#\" class=\"mega-category-tag\" data-category=\"ses-yalitimi\">Sound Insulation<\/a>\n    <a href=\"#\" class=\"mega-category-tag\" data-category=\"urun-tanitimlari\">Product Introductions<\/a>\n<\/div>\n\n<script>\n(function() {\n    setTimeout(function() {\n        var tags = document.querySelectorAll('.mega-category-tag');\n        \n        tags.forEach(function(tag) {\n            tag.addEventListener('click', function(e) {\n                e.preventDefault();\n                \n                \/\/ Active s\u0131n\u0131f\u0131n\u0131 de\u011fi\u015ftir\n                tags.forEach(function(t) {\n                    t.classList.remove('active');\n                });\n                this.classList.add('active');\n                \n                \/\/ Kategoriyi al\n                var category = this.getAttribute('data-category');\n                var posts = document.querySelectorAll('.elementor-post');\n                \n                \/\/ Filtrele\n                posts.forEach(function(post) {\n                    if (category === '' || post.className.indexOf('category-' + category) !== -1) {\n                        post.style.display = 'flex';\n                    } else {\n                        post.style.display = 'none';\n                    }\n                });\n                \n                console.log('Kategori:', category);\n            });\n        });\n        \n        console.log('\u2705 Kategori butonlar\u0131 haz\u0131r!');\n    }, 500);\n})();\n<\/script>\t\t\t\t<\/div>\n\t\t\t\t<div class=\"elementor-element elementor-element-4c7e49b elementor-grid-3 elementor-grid-tablet-2 elementor-grid-mobile-1 elementor-posts--thumbnail-top elementor-widget elementor-widget-posts\" data-id=\"4c7e49b\" data-element_type=\"widget\" data-settings=\"{&quot;pagination_type&quot;:&quot;load_more_infinite_scroll&quot;,&quot;classic_columns&quot;:&quot;3&quot;,&quot;classic_columns_tablet&quot;:&quot;2&quot;,&quot;classic_columns_mobile&quot;:&quot;1&quot;,&quot;classic_row_gap&quot;:{&quot;unit&quot;:&quot;px&quot;,&quot;size&quot;:35,&quot;sizes&quot;:[]},&quot;classic_row_gap_tablet&quot;:{&quot;unit&quot;:&quot;px&quot;,&quot;size&quot;:&quot;&quot;,&quot;sizes&quot;:[]},&quot;classic_row_gap_mobile&quot;:{&quot;unit&quot;:&quot;px&quot;,&quot;size&quot;:&quot;&quot;,&quot;sizes&quot;:[]},&quot;load_more_spinner&quot;:{&quot;value&quot;:&quot;fas fa-spinner&quot;,&quot;library&quot;:&quot;fa-solid&quot;}}\" data-widget_type=\"posts.classic\">\n\t\t\t\t<div class=\"elementor-widget-container\">\n\t\t\t\t\t\t\t<div class=\"elementor-posts-container elementor-posts elementor-posts--skin-classic elementor-grid\" role=\"list\">\n\t\t\t\t<article class=\"elementor-post elementor-grid-item post-3073 post type-post status-publish format-standard has-post-thumbnail hentry category-genel category-isi-yalitimi category-ses-yalitimi category-urun-tanitimlari category-yangin-guvenligi\" role=\"listitem\">\n\t\t\t\t<a class=\"elementor-post__thumbnail__link\" href=\"https:\/\/megainsulation.com.tr\/en\/stonewool-tas-yunu-kullanim-alanlari\/\" tabindex=\"-1\" >\n\t\t\t<div class=\"elementor-post__thumbnail\"><img fetchpriority=\"high\" decoding=\"async\" width=\"300\" height=\"175\" src=\"https:\/\/megainsulation.com.tr\/wp-content\/uploads\/2026\/04\/tas-yunu-blog-300x175.webp\" class=\"attachment-medium size-medium wp-image-3088\" alt=\"\" srcset=\"https:\/\/megainsulation.com.tr\/wp-content\/uploads\/2026\/04\/tas-yunu-blog-300x175.webp 300w, https:\/\/megainsulation.com.tr\/wp-content\/uploads\/2026\/04\/tas-yunu-blog-1024x597.webp 1024w, https:\/\/megainsulation.com.tr\/wp-content\/uploads\/2026\/04\/tas-yunu-blog-768x448.webp 768w, https:\/\/megainsulation.com.tr\/wp-content\/uploads\/2026\/04\/tas-yunu-blog-1536x896.webp 1536w, https:\/\/megainsulation.com.tr\/wp-content\/uploads\/2026\/04\/tas-yunu-blog-2048x1195.webp 2048w, https:\/\/megainsulation.com.tr\/wp-content\/uploads\/2026\/04\/tas-yunu-blog-18x12.webp 18w\" sizes=\"(max-width: 300px) 100vw, 300px\" \/><\/div>\n\t\t<\/a>\n\t\t\t\t<div class=\"elementor-post__text\">\n\t\t\t\t<h3 class=\"elementor-post__title\">\n\t\t\t<a href=\"https:\/\/megainsulation.com.tr\/en\/stonewool-tas-yunu-kullanim-alanlari\/\" >\n\t\t\t\tApplications of Stone Wool\t\t\t<\/a>\n\t\t<\/h3>\n\t\t\t\t<div class=\"elementor-post__meta-data\">\n\t\t\t\t\t<span class=\"elementor-post-date\">\n\t\t\tApril 28, 2026\t\t<\/span>\n\t\t\t\t<\/div>\n\t\t\t\t<div class=\"elementor-post__excerpt\">\n\t\t\t<p>StoneWool (Stone Wool) Applications: The Pinnacle of Fire Safety and Acoustic Comfort. In insulation strategies for modern buildings, it provides vital benefits alongside energy savings.<\/p>\n\t\t<\/div>\n\t\t\n\t\t<a class=\"elementor-post__read-more\" href=\"https:\/\/megainsulation.com.tr\/en\/stonewool-tas-yunu-kullanim-alanlari\/\" aria-label=\"Read more about StoneWool (Ta\u015f Y\u00fcn\u00fc) Kullan\u0131m Alanlar\u0131\" tabindex=\"-1\" >\n\t\t\tMore\t\t<\/a>\n\n\t\t\t\t<\/div>\n\t\t\t\t<\/article>\n\t\t\t\t<article class=\"elementor-post elementor-grid-item post-3044 post type-post status-publish format-standard has-post-thumbnail hentry category-genel category-isi-yalitimi category-urun-tanitimlari\" role=\"listitem\">\n\t\t\t\t<a class=\"elementor-post__thumbnail__link\" href=\"https:\/\/megainsulation.com.tr\/en\/xps-kullanim-alanlari\/\" tabindex=\"-1\" >\n\t\t\t<div class=\"elementor-post__thumbnail\"><img decoding=\"async\" width=\"300\" height=\"175\" src=\"https:\/\/megainsulation.com.tr\/wp-content\/uploads\/2026\/04\/XPS-blog-1-300x175.webp\" class=\"attachment-medium size-medium wp-image-3089\" alt=\"\" srcset=\"https:\/\/megainsulation.com.tr\/wp-content\/uploads\/2026\/04\/XPS-blog-1-300x175.webp 300w, https:\/\/megainsulation.com.tr\/wp-content\/uploads\/2026\/04\/XPS-blog-1-1024x597.webp 1024w, https:\/\/megainsulation.com.tr\/wp-content\/uploads\/2026\/04\/XPS-blog-1-768x448.webp 768w, https:\/\/megainsulation.com.tr\/wp-content\/uploads\/2026\/04\/XPS-blog-1-1536x896.webp 1536w, https:\/\/megainsulation.com.tr\/wp-content\/uploads\/2026\/04\/XPS-blog-1-2048x1195.webp 2048w, https:\/\/megainsulation.com.tr\/wp-content\/uploads\/2026\/04\/XPS-blog-1-18x12.webp 18w\" sizes=\"(max-width: 300px) 100vw, 300px\" \/><\/div>\n\t\t<\/a>\n\t\t\t\t<div class=\"elementor-post__text\">\n\t\t\t\t<h3 class=\"elementor-post__title\">\n\t\t\t<a href=\"https:\/\/megainsulation.com.tr\/en\/xps-kullanim-alanlari\/\" >\n\t\t\t\tXPS Application Areas\t\t\t<\/a>\n\t\t<\/h3>\n\t\t\t\t<div class=\"elementor-post__meta-data\">\n\t\t\t\t\t<span class=\"elementor-post-date\">\n\t\t\tApril 22, 2026\t\t<\/span>\n\t\t\t\t<\/div>\n\t\t\t\t<div class=\"elementor-post__excerpt\">\n\t\t\t<p>XPS Application Areas: Complete Protection for Energy Efficiency and Building Health. In today&#039;s construction technologies, energy saving and extending the lifespan of buildings,<\/p>\n\t\t<\/div>\n\t\t\n\t\t<a class=\"elementor-post__read-more\" href=\"https:\/\/megainsulation.com.tr\/en\/xps-kullanim-alanlari\/\" aria-label=\"Read more about XPS Kullan\u0131m Alanlar\u0131\" tabindex=\"-1\" >\n\t\t\tMore\t\t<\/a>\n\n\t\t\t\t<\/div>\n\t\t\t\t<\/article>\n\t\t\t\t<article class=\"elementor-post elementor-grid-item post-3048 post type-post status-publish format-standard has-post-thumbnail hentry category-genel category-isi-yalitimi category-urun-tanitimlari\" role=\"listitem\">\n\t\t\t\t<a class=\"elementor-post__thumbnail__link\" href=\"https:\/\/megainsulation.com.tr\/en\/eps-kullanim-alanlari\/\" tabindex=\"-1\" >\n\t\t\t<div class=\"elementor-post__thumbnail\"><img decoding=\"async\" width=\"300\" height=\"175\" src=\"https:\/\/megainsulation.com.tr\/wp-content\/uploads\/2026\/04\/EPS-blog-300x175.webp\" class=\"attachment-medium size-medium wp-image-3090\" alt=\"\" srcset=\"https:\/\/megainsulation.com.tr\/wp-content\/uploads\/2026\/04\/EPS-blog-300x175.webp 300w, https:\/\/megainsulation.com.tr\/wp-content\/uploads\/2026\/04\/EPS-blog-1024x597.webp 1024w, https:\/\/megainsulation.com.tr\/wp-content\/uploads\/2026\/04\/EPS-blog-768x448.webp 768w, https:\/\/megainsulation.com.tr\/wp-content\/uploads\/2026\/04\/EPS-blog-1536x896.webp 1536w, https:\/\/megainsulation.com.tr\/wp-content\/uploads\/2026\/04\/EPS-blog-2048x1195.webp 2048w, https:\/\/megainsulation.com.tr\/wp-content\/uploads\/2026\/04\/EPS-blog-18x12.webp 18w\" sizes=\"(max-width: 300px) 100vw, 300px\" \/><\/div>\n\t\t<\/a>\n\t\t\t\t<div class=\"elementor-post__text\">\n\t\t\t\t<h3 class=\"elementor-post__title\">\n\t\t\t<a href=\"https:\/\/megainsulation.com.tr\/en\/eps-kullanim-alanlari\/\" >\n\t\t\t\tApplications of EPS\t\t\t<\/a>\n\t\t<\/h3>\n\t\t\t\t<div class=\"elementor-post__meta-data\">\n\t\t\t\t\t<span class=\"elementor-post-date\">\n\t\t\tApril 18, 2026\t\t<\/span>\n\t\t\t\t<\/div>\n\t\t\t\t<div class=\"elementor-post__excerpt\">\n\t\t\t<p>EPS (Expanded Polystyrene) Applications: Versatile Solutions from Construction to Packaging In today&#039;s construction and industrial world, the words &quot;efficiency&quot; and &quot;economy&quot; go hand in hand.<\/p>\n\t\t<\/div>\n\t\t\n\t\t<a class=\"elementor-post__read-more\" href=\"https:\/\/megainsulation.com.tr\/en\/eps-kullanim-alanlari\/\" aria-label=\"Read more about EPS Kullan\u0131m Alanlar\u0131\" tabindex=\"-1\" >\n\t\t\tMore\t\t<\/a>\n\n\t\t\t\t<\/div>\n\t\t\t\t<\/article>\n\t\t\t\t<article class=\"elementor-post elementor-grid-item post-3070 post type-post status-publish format-standard has-post-thumbnail hentry category-genel category-isi-yalitimi category-ses-yalitimi category-urun-tanitimlari category-yangin-guvenligi\" role=\"listitem\">\n\t\t\t\t<a class=\"elementor-post__thumbnail__link\" href=\"https:\/\/megainsulation.com.tr\/en\/desiwool-kullanim-alanlari\/\" tabindex=\"-1\" >\n\t\t\t<div class=\"elementor-post__thumbnail\"><img loading=\"lazy\" decoding=\"async\" width=\"300\" height=\"175\" src=\"https:\/\/megainsulation.com.tr\/wp-content\/uploads\/2026\/04\/desiwool-blog-300x175.webp\" class=\"attachment-medium size-medium wp-image-3091\" alt=\"\" srcset=\"https:\/\/megainsulation.com.tr\/wp-content\/uploads\/2026\/04\/desiwool-blog-300x175.webp 300w, https:\/\/megainsulation.com.tr\/wp-content\/uploads\/2026\/04\/desiwool-blog-1024x597.webp 1024w, https:\/\/megainsulation.com.tr\/wp-content\/uploads\/2026\/04\/desiwool-blog-768x448.webp 768w, https:\/\/megainsulation.com.tr\/wp-content\/uploads\/2026\/04\/desiwool-blog-1536x896.webp 1536w, https:\/\/megainsulation.com.tr\/wp-content\/uploads\/2026\/04\/desiwool-blog-2048x1195.webp 2048w, https:\/\/megainsulation.com.tr\/wp-content\/uploads\/2026\/04\/desiwool-blog-18x12.webp 18w\" sizes=\"(max-width: 300px) 100vw, 300px\" \/><\/div>\n\t\t<\/a>\n\t\t\t\t<div class=\"elementor-post__text\">\n\t\t\t\t<h3 class=\"elementor-post__title\">\n\t\t\t<a href=\"https:\/\/megainsulation.com.tr\/en\/desiwool-kullanim-alanlari\/\" >\n\t\t\t\tAreas of Use for DesiWool\t\t\t<\/a>\n\t\t<\/h3>\n\t\t\t\t<div class=\"elementor-post__meta-data\">\n\t\t\t\t\t<span class=\"elementor-post-date\">\n\t\t\tApril 14, 2026\t\t<\/span>\n\t\t\t\t<\/div>\n\t\t\t\t<div class=\"elementor-post__excerpt\">\n\t\t\t<p>DesiWool Applications: The Composite Power of Heat, Sound, and Aesthetics. Speed, efficiency, and performance are now sought after simultaneously in the construction industry. Megainsulation<\/p>\n\t\t<\/div>\n\t\t\n\t\t<a class=\"elementor-post__read-more\" href=\"https:\/\/megainsulation.com.tr\/en\/desiwool-kullanim-alanlari\/\" aria-label=\"Read more about DesiWool Kullan\u0131m Alanlar\u0131\" tabindex=\"-1\" >\n\t\t\tMore\t\t<\/a>\n\n\t\t\t\t<\/div>\n\t\t\t\t<\/article>\n\t\t\t\t<article class=\"elementor-post elementor-grid-item post-3052 post type-post status-publish format-standard has-post-thumbnail hentry category-genel category-urun-tanitimlari category-uygulama-rehberleri\" role=\"listitem\">\n\t\t\t\t<a class=\"elementor-post__thumbnail__link\" href=\"https:\/\/megainsulation.com.tr\/en\/megalento-kullanim-alanlari\/\" tabindex=\"-1\" >\n\t\t\t<div class=\"elementor-post__thumbnail\"><img loading=\"lazy\" decoding=\"async\" width=\"300\" height=\"175\" src=\"https:\/\/megainsulation.com.tr\/wp-content\/uploads\/2026\/04\/lento-blog-300x175.webp\" class=\"attachment-medium size-medium wp-image-3092\" alt=\"\" srcset=\"https:\/\/megainsulation.com.tr\/wp-content\/uploads\/2026\/04\/lento-blog-300x175.webp 300w, https:\/\/megainsulation.com.tr\/wp-content\/uploads\/2026\/04\/lento-blog-1024x597.webp 1024w, https:\/\/megainsulation.com.tr\/wp-content\/uploads\/2026\/04\/lento-blog-768x448.webp 768w, https:\/\/megainsulation.com.tr\/wp-content\/uploads\/2026\/04\/lento-blog-1536x896.webp 1536w, https:\/\/megainsulation.com.tr\/wp-content\/uploads\/2026\/04\/lento-blog-2048x1195.webp 2048w, https:\/\/megainsulation.com.tr\/wp-content\/uploads\/2026\/04\/lento-blog-18x12.webp 18w\" sizes=\"(max-width: 300px) 100vw, 300px\" \/><\/div>\n\t\t<\/a>\n\t\t\t\t<div class=\"elementor-post__text\">\n\t\t\t\t<h3 class=\"elementor-post__title\">\n\t\t\t<a href=\"https:\/\/megainsulation.com.tr\/en\/megalento-kullanim-alanlari\/\" >\n\t\t\t\tMegaLento Application Areas\t\t\t<\/a>\n\t\t<\/h3>\n\t\t\t\t<div class=\"elementor-post__meta-data\">\n\t\t\t\t\t<span class=\"elementor-post-date\">\n\t\t\tApril 9, 2026\t\t<\/span>\n\t\t\t\t<\/div>\n\t\t\t\t<div class=\"elementor-post__excerpt\">\n\t\t\t<p>MegaLento Application Areas: Next Generation Solutions in Acoustics and Vibration Control. In modern architecture, comfort is not only about visual aesthetics; it is also...<\/p>\n\t\t<\/div>\n\t\t\n\t\t<a class=\"elementor-post__read-more\" href=\"https:\/\/megainsulation.com.tr\/en\/megalento-kullanim-alanlari\/\" aria-label=\"Read more about MegaLento Kullan\u0131m Alanlar\u0131\" tabindex=\"-1\" >\n\t\t\tMore\t\t<\/a>\n\n\t\t\t\t<\/div>\n\t\t\t\t<\/article>\n\t\t\t\t<article class=\"elementor-post elementor-grid-item post-2417 post type-post status-publish format-standard has-post-thumbnail hentry category-yangin-guvenligi tag-a1-sinifi tag-bina-guvenligi tag-tas-yunu tag-yangin\" role=\"listitem\">\n\t\t\t\t<a class=\"elementor-post__thumbnail__link\" href=\"https:\/\/megainsulation.com.tr\/en\/yalitim-malzemesi-yangin-guvenligi\/\" tabindex=\"-1\" >\n\t\t\t<div class=\"elementor-post__thumbnail\"><img loading=\"lazy\" decoding=\"async\" width=\"300\" height=\"200\" src=\"https:\/\/megainsulation.com.tr\/wp-content\/uploads\/2026\/01\/blog-deneme2-300x200.webp\" class=\"attachment-medium size-medium wp-image-2418\" alt=\"\" srcset=\"https:\/\/megainsulation.com.tr\/wp-content\/uploads\/2026\/01\/blog-deneme2-300x200.webp 300w, https:\/\/megainsulation.com.tr\/wp-content\/uploads\/2026\/01\/blog-deneme2-1024x683.webp 1024w, https:\/\/megainsulation.com.tr\/wp-content\/uploads\/2026\/01\/blog-deneme2-768x512.webp 768w, https:\/\/megainsulation.com.tr\/wp-content\/uploads\/2026\/01\/blog-deneme2.webp 1536w\" sizes=\"(max-width: 300px) 100vw, 300px\" \/><\/div>\n\t\t<\/a>\n\t\t\t\t<div class=\"elementor-post__text\">\n\t\t\t\t<h3 class=\"elementor-post__title\">\n\t\t\t<a href=\"https:\/\/megainsulation.com.tr\/en\/yalitim-malzemesi-yangin-guvenligi\/\" >\n\t\t\t\tPay attention to fire safety when choosing insulation materials!\t\t\t<\/a>\n\t\t<\/h3>\n\t\t\t\t<div class=\"elementor-post__meta-data\">\n\t\t\t\t\t<span class=\"elementor-post-date\">\n\t\t\tJanuary 30, 2026\t\t<\/span>\n\t\t\t\t<\/div>\n\t\t\t\t<div class=\"elementor-post__excerpt\">\n\t\t\t<p>The role of insulation materials in building fires has been a subject of debate in recent years. So, are insulation materials fire-safe? Fire Classifications<\/p>\n\t\t<\/div>\n\t\t\n\t\t<a class=\"elementor-post__read-more\" href=\"https:\/\/megainsulation.com.tr\/en\/yalitim-malzemesi-yangin-guvenligi\/\" aria-label=\"Read more about Yal\u0131t\u0131m Malzemesi Se\u00e7erken Yang\u0131n G\u00fcvenli\u011fine Dikkat!\" tabindex=\"-1\" >\n\t\t\tMore\t\t<\/a>\n\n\t\t\t\t<\/div>\n\t\t\t\t<\/article>\n\t\t\t\t<\/div>\n\t\t\t\t\t<span class=\"e-load-more-spinner\">\n\t\t\t\t<svg aria-hidden=\"true\" class=\"e-font-icon-svg e-fas-spinner\" viewbox=\"0 0 512 512\" xmlns=\"http:\/\/www.w3.org\/2000\/svg\"><path d=\"M304 48c0 26.51-21.49 48-48 48s-48-21.49-48-48 21.49-48 48-48 48 21.49 48 48zm-48 368c-26.51 0-48 21.49-48 48s21.49 48 48 48 48-21.49 48-48-21.49-48-48-48zm208-208c-26.51 0-48 21.49-48 48s21.49 48 48 48 48-21.49 48-48-21.49-48-48-48zM96 256c0-26.51-21.49-48-48-48S0 229.49 0 256s21.49 48 48 48 48-21.49 48-48zm12.922 99.078c-26.51 0-48 21.49-48 48s21.49 48 48 48 48-21.49 48-48c0-26.509-21.491-48-48-48zm294.156 0c-26.51 0-48 21.49-48 48s21.49 48 48 48 48-21.49 48-48c0-26.509-21.49-48-48-48zM108.922 60.922c-26.51 0-48 21.49-48 48s21.49 48 48 48 48-21.49 48-48-21.491-48-48-48z\"><\/path><\/svg>\t\t\t<\/span>\n\t\t\n\t\t\t\t<div class=\"e-load-more-anchor\" data-page=\"1\" data-max-page=\"2\" data-next-page=\"https:\/\/megainsulation.com.tr\/en\/wp-json\/wp\/v2\/pages\/2279\/page\/2\/\"><\/div>\n\t\t\t\t<div class=\"e-load-more-message\"><\/div>\n\t\t\t\t\t\t<\/div>\n\t\t\t\t<\/div>\n\t\t\t\t\t<\/div>\n\t\t\t\t<\/div>\n\t\t\t\t<\/div>","protected":false},"excerpt":{"rendered":"<p>BLOG Homepage Blog All Fire Safety Sustainability General Thermal Insulation Projects Sound Insulation Product Reviews<\/p>","protected":false},"author":1,"featured_media":0,"parent":0,"menu_order":0,"comment_status":"closed","ping_status":"closed","template":"","meta":{"footnotes":""},"class_list":["post-2279","page","type-page","status-publish","hentry"],"_links":{"self":[{"href":"https:\/\/megainsulation.com.tr\/en\/wp-json\/wp\/v2\/pages\/2279","targetHints":{"allow":["GET"]}}],"collection":[{"href":"https:\/\/megainsulation.com.tr\/en\/wp-json\/wp\/v2\/pages"}],"about":[{"href":"https:\/\/megainsulation.com.tr\/en\/wp-json\/wp\/v2\/types\/page"}],"author":[{"embeddable":true,"href":"https:\/\/megainsulation.com.tr\/en\/wp-json\/wp\/v2\/users\/1"}],"replies":[{"embeddable":true,"href":"https:\/\/megainsulation.com.tr\/en\/wp-json\/wp\/v2\/comments?post=2279"}],"version-history":[{"count":18,"href":"https:\/\/megainsulation.com.tr\/en\/wp-json\/wp\/v2\/pages\/2279\/revisions"}],"predecessor-version":[{"id":3117,"href":"https:\/\/megainsulation.com.tr\/en\/wp-json\/wp\/v2\/pages\/2279\/revisions\/3117"}],"wp:attachment":[{"href":"https:\/\/megainsulation.com.tr\/en\/wp-json\/wp\/v2\/media?parent=2279"}],"curies":[{"name":"wp","href":"https:\/\/api.w.org\/{rel}","templated":true}]}}