{"id":2175,"date":"2026-01-18T17:22:00","date_gmt":"2026-01-18T17:22:00","guid":{"rendered":"https:\/\/megainsulation.com.tr\/?page_id=2175"},"modified":"2026-01-18T17:23:21","modified_gmt":"2026-01-18T17:23:21","slug":"acik-riza-metni","status":"publish","type":"page","link":"https:\/\/megainsulation.com.tr\/en\/acik-riza-metni\/","title":{"rendered":"Explicit Consent Text"},"content":{"rendered":"<div data-elementor-type=\"wp-page\" data-elementor-id=\"2175\" class=\"elementor elementor-2175\" data-elementor-post-type=\"page\">\n\t\t\t\t<div class=\"elementor-element elementor-element-8620dce e-flex e-con-boxed e-con e-parent\" data-id=\"8620dce\" data-element_type=\"container\">\n\t\t\t\t\t<div class=\"e-con-inner\">\n\t\t\t\t<div class=\"elementor-element elementor-element-60cafb6 elementor-widget elementor-widget-heading\" data-id=\"60cafb6\" data-element_type=\"widget\" data-widget_type=\"heading.default\">\n\t\t\t\t\t<div class=\"elementor-heading-title elementor-size-default\">EXPLICIT CONSENT TEXT<\/div>\t\t\t\t<\/div>\n\t\t\t\t\t<\/div>\n\t\t\t\t<\/div>\n\t\t<div class=\"elementor-element elementor-element-5748a161 e-flex e-con-boxed e-con e-parent\" data-id=\"5748a161\" data-element_type=\"container\">\n\t\t\t\t\t<div class=\"e-con-inner\">\n\t\t\t\t<div class=\"elementor-element elementor-element-5259c970 elementor-widget elementor-widget-text-editor\" data-id=\"5259c970\" data-element_type=\"widget\" data-widget_type=\"text-editor.default\">\n\t\t\t\t\t\t\t\t\t<h4>1. DATA CONTROLLER<\/h4><p>In our capacity as data controller under the Law No. 6698 on the Protection of Personal Data (&quot;KVKK&quot;) <strong>Mega Insulation Production Marketing Foreign Trade Inc.<\/strong> Your explicit consent is requested regarding the processing of your personal data by (\u201cthe Company\u201d or \u201cMEGA\u201d) for the following matters.<\/p><p><strong>Company Information:<\/strong><\/p><p><strong>Address: <\/strong>EOSB 2nd Street No: 15\/2 Yaz\u0131konak \/ ELAZI\u011e<\/p><p><strong>Tax Office \/ No: <\/strong>Caspian \/ 613 075 3338<\/p><p><strong>Mersis No: <\/strong>0-6130-7533-3800010<\/p><h4>2. PERSONAL DATA TO BE PROCESSED WITH EXPLICIT CONSENT<\/h4><p>The following personal data that you provided to us as part of your job application will be processed:<\/p><ul><li><strong>Identity Information: <\/strong>Name, surname, Turkish Republic ID number, date of birth, gender<\/li><li><strong>Contact Information: <\/strong>Email address, phone number, address<\/li><li><strong>Educational Information: <\/strong>Graduation status, school\/university information, department, diploma date<\/li><li><strong>Professional Experience: <\/strong>Work experience, previous employers, positions, length of employment.<\/li><li><strong>Skills Information: <\/strong>Foreign language skills, certifications, technical skills<\/li><li><strong>CV\/Resume: <\/strong>The uploaded CV file and all information contained within it.<\/li><li><strong>Photograph: <\/strong>Photo included in the CV (if any)<\/li><li><strong>Other Information: <\/strong>References, expected salary, preferred start date.<\/li><\/ul><h4>3. PURPOSE OF PROCESSING PERSONAL DATA<\/h4><p>Your personal data will be processed for the following purposes:<\/p><ol><li>Your current job application is being evaluated.<\/li><li><strong>Your resume will be kept and evaluated for future suitable positions.<\/strong><\/li><li>You will be contacted and the interview process will be conducted.<\/li><li>Planning human resources processes<\/li><\/ol><h4>4. STORAGE TIME<\/h4><p>If you give your explicit consent, your personal data and CV will be processed. <strong>2 (two) years<\/strong> It will be stored in MEGA&#039;s human resources database for a specified period.<\/p><p>During this period, you may be contacted when positions matching your profile become available. At the end of the 2-year period, unless you request otherwise, your data will be deleted or anonymized.<\/p><h4>5. TRANSFER OF PERSONAL DATA<\/h4><p>Your personal data will be used only for the purposes stated above:<\/p><ul><li>MEGA group companies (for consideration of suitable positions)<\/li><li>To human resources service providers<\/li><li>Cloud storage service providers<\/li><\/ul><p>Data transfer may be carried out in accordance with the conditions specified in Articles 8 and 9 of the KVKK (Law on Protection of Personal Data).<\/p><h4>6. YOUR RIGHTS<\/h4><p>In accordance with Article 11 of the KVKK (Law on Protection of Personal Data), you have the following rights:<\/p><ul><li>To find out whether your personal data is being processed.<\/li><li>If it has been processed, request information about it.<\/li><li>To learn the purpose of processing and whether it is being used for its intended purpose.<\/li><li>Requesting correction if it is incomplete or incorrect.<\/li><li>Requesting its deletion or destruction<\/li><li><strong>You can always withdraw your explicit consent.<\/strong><\/li><\/ul><h4>7. WITHDRAWAL OF EXPLICIT CONSENT<\/h4><p>You can withdraw your explicit consent at any time without giving any reason. To withdraw your consent:<\/p><ul><li><strong>Email: <\/strong>kvkk@megainsulation.com.tr<\/li><li><strong>Mail: <\/strong>EOSB 2nd Street No: 15\/2 Yaz\u0131konak \/ ELAZI\u011e<\/li><\/ul><p>You can apply to these addresses. Withdrawal of your consent does not affect the legality of transactions carried out up to the date of withdrawal.<\/p><h4>8. EXPLICIT CONSENT STATEMENT<\/h4><p>I have been informed about the matters mentioned above. <strong>Mega Insulation Production Marketing Foreign Trade Inc.<\/strong> My personal data and resume, which I collected as part of my job application, will be evaluated by [Company Name] for suitable positions that may open in the future. <strong>2 (two) years<\/strong> to be kept for a certain period of time and to be contacted during this period. <strong>I give my explicit consent of my own free will.<\/strong><\/p><p>Last Update: January 2026<\/p><p>Mega Insulation Production Marketing Foreign Trade Inc.<\/p>\t\t\t\t\t\t\t\t<\/div>\n\t\t\t\t\t<\/div>\n\t\t\t\t<\/div>\n\t\t\t\t<\/div>","protected":false},"excerpt":{"rendered":"<p>A\u00c7IK RIZA METN\u0130 1. VER\u0130 SORUMLUSU 6698 say\u0131l\u0131 Ki\u015fisel Verilerin Korunmas\u0131 Kanunu (&#8220;KVKK&#8221;) kapsam\u0131nda veri sorumlusu s\u0131fat\u0131yla Mega Yal\u0131t\u0131m \u00dcretim Paz. D\u0131\u015f Tic. A.\u015e. (&#8220;\u015eirket&#8221; veya &#8220;MEGA&#8221;) taraf\u0131ndan ki\u015fisel verilerinizin i\u015flenmesine ili\u015fkin a\u015fa\u011f\u0131daki hususlar hakk\u0131nda a\u00e7\u0131k r\u0131zan\u0131z talep edilmektedir. \u015eirket Bilgileri: Adres: EOSB 2. Sokak No: 15\/2 Yaz\u0131konak \/ ELAZI\u011e Vergi Dairesi \/ No: Hazar [&hellip;]<\/p>\n","protected":false},"author":1,"featured_media":0,"parent":0,"menu_order":0,"comment_status":"closed","ping_status":"open","template":"","meta":{"footnotes":""},"class_list":["post-2175","page","type-page","status-publish","hentry"],"_links":{"self":[{"href":"https:\/\/megainsulation.com.tr\/en\/wp-json\/wp\/v2\/pages\/2175","targetHints":{"allow":["GET"]}}],"collection":[{"href":"https:\/\/megainsulation.com.tr\/en\/wp-json\/wp\/v2\/pages"}],"about":[{"href":"https:\/\/megainsulation.com.tr\/en\/wp-json\/wp\/v2\/types\/page"}],"author":[{"embeddable":true,"href":"https:\/\/megainsulation.com.tr\/en\/wp-json\/wp\/v2\/users\/1"}],"replies":[{"embeddable":true,"href":"https:\/\/megainsulation.com.tr\/en\/wp-json\/wp\/v2\/comments?post=2175"}],"version-history":[{"count":0,"href":"https:\/\/megainsulation.com.tr\/en\/wp-json\/wp\/v2\/pages\/2175\/revisions"}],"wp:attachment":[{"href":"https:\/\/megainsulation.com.tr\/en\/wp-json\/wp\/v2\/media?parent=2175"}],"curies":[{"name":"wp","href":"https:\/\/api.w.org\/{rel}","templated":true}]}}